{"id":1002,"date":"2020-10-21T11:00:54","date_gmt":"2020-10-21T09:00:54","guid":{"rendered":"https:\/\/prawochinskie.com.pl\/o-nas\/"},"modified":"2024-06-06T14:45:45","modified_gmt":"2024-06-06T12:45:45","slug":"about-us-and-contact","status":"publish","type":"page","link":"https:\/\/prawochinskie.com.pl\/en\/about-us-and-contact\/","title":{"rendered":"About us and contact"},"content":{"rendered":"<p><strong>Prawochinskie.com.pl \u2013 is a modern blog devoted to legal issues in relations with China that entrepreneurs, lawyers and others encounter on a daily basis.<\/strong><\/p>\n<p>The blog&#8217;s team consists of highly qualified specialists who have been closely associated with China for many years.<\/p>\n<p>The substantive supervision of the blog is carried out by <strong>Hanglung Law Biernat &amp; Kossacki Sp\u00f3\u0142ka Partnerska Radcy Prawnego i Adwokata<\/strong>, whose lawyers hold the qualifications of attorneys in the People&#8217;s Republic of China, studied at prestigious universities in this country, or are active members of the Polish community dealing with this field of legal science. They have already helped several dozen Polish entities realize their business plans in China and Chinese entities in Poland.<\/p>\n<p>Blog authors:<\/p>\n<p><strong>Attorney-at-law<\/strong> <a href=\"https:\/\/prawochinskie.com.pl\/kontakt\/\"><strong>Kamil Biernat<\/strong><\/a> &#8211; specializes in the company law, mergers and acquisitions, as well as trade and distribution law. His international business experience allows him to effectively advise on and participate in the creation of new entities and capital groups around the world. He gained experience in Shanghai Hanglung Law Offices, and in the legal departments of international capital groups, having also acted as a legal department head. He has also served as a management board member, authorized signatory and supervisory board member of many large international entities (including Vershold Poland Sp. z o. o.), both in Poland and in China.He graduated in law from the University of South Wales in Great Britain (LLB) and the University of Wroc\u0142aw as well as completed postgraduate studies in Chinese law in China at the well-known and respected China University of Political Science and Law, \u4e2d\u56fd\u653f\u6cd5\u5927\u5b66, where the law faculty is regularly recognized as one of the best law faculty in the People\u2019s Republic of China in annual rankings.<\/p>\n<p><strong>Attorney-at-law trainee <\/strong><a href=\"https:\/\/prawochinskie.com.pl\/kontakt\/\"><strong>Karol Czeka\u0142owski<\/strong><\/a> &#8211; specializes in Chinese civil law and private international law. He is a graduate of the Faculty of Law and Administration of the Jagiellonian University, where he defended his thesis on the New Silk Road. In 2017, he graduated from the CLTE programme at the China University of Political Science and Law \u4e2d\u56fd\u653f\u6cd5\u5927\u5b66, he has repeatedly presented at conferences in Beijing, and is a scholarship holder of postgraduate LL.M studies in Chinese law in the People&#8217;s Republic of China. He has been a board member of the Chinese Law Association since 2018 and president of the association\u2019s board since 2022.<\/p>\n<p>&amp; guest authors<\/p>\n<p style=\"text-align: center;\">If you are interested in the article and have additional questions, please contact us!<\/p>\n","protected":false},"excerpt":{"rendered":"<p>Prawochinskie.com.pl \u2013 is a modern blog devoted to legal issues in relations with China that entrepreneurs, lawyers and others encounter on a daily basis. The blog&#8217;s team consists of highly qualified specialists who have been closely associated with China for many years. The substantive supervision of the blog is carried out by Hanglung Law Biernat [&hellip;]<\/p>\n","protected":false},"author":1,"featured_media":0,"parent":0,"menu_order":0,"comment_status":"closed","ping_status":"closed","template":"page-templates\/kontakt.php","meta":{"_acf_changed":false,"footnotes":""},"class_list":["post-1002","page","type-page","status-publish","hentry"],"acf":[],"yoast_head":"<!-- This site is optimized with the Yoast SEO plugin v27.3 - https:\/\/yoast.com\/product\/yoast-seo-wordpress\/ -->\n<title>Prawnik Chiny | O nas i kontakt - Blog Prawo Chi\u0144skie<\/title>\n<meta name=\"description\" content=\"Zesp\u00f3\u0142 prowadzaj\u0105cy bloga sk\u0142ada si\u0119 z wysoko wykwalifikowanych specjalist\u00f3w, od wielu lat \u015bci\u015ble zwi\u0105zanych z Chinami. Zapraszamy do kontaktu.\" \/>\n<meta name=\"robots\" content=\"index, follow, max-snippet:-1, max-image-preview:large, max-video-preview:-1\" \/>\n<link rel=\"canonical\" href=\"https:\/\/prawochinskie.com.pl\/en\/about-us-and-contact\/\" \/>\n<meta property=\"og:locale\" content=\"en_US\" \/>\n<meta property=\"og:type\" content=\"article\" \/>\n<meta property=\"og:title\" content=\"Prawnik Chiny | O nas i kontakt - Blog Prawo Chi\u0144skie\" \/>\n<meta property=\"og:description\" content=\"Zesp\u00f3\u0142 prowadzaj\u0105cy bloga sk\u0142ada si\u0119 z wysoko wykwalifikowanych specjalist\u00f3w, od wielu lat \u015bci\u015ble zwi\u0105zanych z Chinami. Zapraszamy do kontaktu.\" \/>\n<meta property=\"og:url\" content=\"https:\/\/prawochinskie.com.pl\/en\/about-us-and-contact\/\" \/>\n<meta property=\"og:site_name\" content=\"Blog\" \/>\n<meta property=\"article:modified_time\" content=\"2024-06-06T12:45:45+00:00\" \/>\n<meta name=\"twitter:card\" content=\"summary_large_image\" \/>\n<meta name=\"twitter:label1\" content=\"Est. reading time\" \/>\n\t<meta name=\"twitter:data1\" content=\"3 minutes\" \/>\n<script type=\"application\/ld+json\" class=\"yoast-schema-graph\">{\"@context\":\"https:\\\/\\\/schema.org\",\"@graph\":[{\"@type\":\"WebPage\",\"@id\":\"https:\\\/\\\/prawochinskie.com.pl\\\/en\\\/about-us-and-contact\\\/\",\"url\":\"https:\\\/\\\/prawochinskie.com.pl\\\/en\\\/about-us-and-contact\\\/\",\"name\":\"Prawnik Chiny | O nas i kontakt - Blog Prawo Chi\u0144skie\",\"isPartOf\":{\"@id\":\"https:\\\/\\\/prawochinskie.com.pl\\\/en\\\/#website\"},\"datePublished\":\"2020-10-21T09:00:54+00:00\",\"dateModified\":\"2024-06-06T12:45:45+00:00\",\"description\":\"Zesp\u00f3\u0142 prowadzaj\u0105cy bloga sk\u0142ada si\u0119 z wysoko wykwalifikowanych specjalist\u00f3w, od wielu lat \u015bci\u015ble zwi\u0105zanych z Chinami. Zapraszamy do kontaktu.\",\"breadcrumb\":{\"@id\":\"https:\\\/\\\/prawochinskie.com.pl\\\/en\\\/about-us-and-contact\\\/#breadcrumb\"},\"inLanguage\":\"en-US\",\"potentialAction\":[{\"@type\":\"ReadAction\",\"target\":[\"https:\\\/\\\/prawochinskie.com.pl\\\/en\\\/about-us-and-contact\\\/\"]}]},{\"@type\":\"BreadcrumbList\",\"@id\":\"https:\\\/\\\/prawochinskie.com.pl\\\/en\\\/about-us-and-contact\\\/#breadcrumb\",\"itemListElement\":[{\"@type\":\"ListItem\",\"position\":1,\"name\":\"Strona g\u0142\u00f3wna\",\"item\":\"https:\\\/\\\/prawochinskie.com.pl\\\/en\\\/\"},{\"@type\":\"ListItem\",\"position\":2,\"name\":\"About us and contact\"}]},{\"@type\":\"WebSite\",\"@id\":\"https:\\\/\\\/prawochinskie.com.pl\\\/en\\\/#website\",\"url\":\"https:\\\/\\\/prawochinskie.com.pl\\\/en\\\/\",\"name\":\"Blog\",\"description\":\"Prawochinskie.com.pl\",\"publisher\":{\"@id\":\"https:\\\/\\\/prawochinskie.com.pl\\\/en\\\/#organization\"},\"potentialAction\":[{\"@type\":\"SearchAction\",\"target\":{\"@type\":\"EntryPoint\",\"urlTemplate\":\"https:\\\/\\\/prawochinskie.com.pl\\\/en\\\/?s={search_term_string}\"},\"query-input\":{\"@type\":\"PropertyValueSpecification\",\"valueRequired\":true,\"valueName\":\"search_term_string\"}}],\"inLanguage\":\"en-US\"},{\"@type\":\"Organization\",\"@id\":\"https:\\\/\\\/prawochinskie.com.pl\\\/en\\\/#organization\",\"name\":\"Blog\",\"url\":\"https:\\\/\\\/prawochinskie.com.pl\\\/en\\\/\",\"logo\":{\"@type\":\"ImageObject\",\"inLanguage\":\"en-US\",\"@id\":\"https:\\\/\\\/prawochinskie.com.pl\\\/en\\\/#\\\/schema\\\/logo\\\/image\\\/\",\"url\":\"https:\\\/\\\/prawochinskie.com.pl\\\/wp-content\\\/uploads\\\/2020\\\/10\\\/cropped-logo-1.png\",\"contentUrl\":\"https:\\\/\\\/prawochinskie.com.pl\\\/wp-content\\\/uploads\\\/2020\\\/10\\\/cropped-logo-1.png\",\"width\":300,\"height\":81,\"caption\":\"Blog\"},\"image\":{\"@id\":\"https:\\\/\\\/prawochinskie.com.pl\\\/en\\\/#\\\/schema\\\/logo\\\/image\\\/\"}}]}<\/script>\n<!-- \/ Yoast SEO plugin. -->","yoast_head_json":{"title":"Prawnik Chiny | O nas i kontakt - Blog Prawo Chi\u0144skie","description":"Zesp\u00f3\u0142 prowadzaj\u0105cy bloga sk\u0142ada si\u0119 z wysoko wykwalifikowanych specjalist\u00f3w, od wielu lat \u015bci\u015ble zwi\u0105zanych z Chinami. Zapraszamy do kontaktu.","robots":{"index":"index","follow":"follow","max-snippet":"max-snippet:-1","max-image-preview":"max-image-preview:large","max-video-preview":"max-video-preview:-1"},"canonical":"https:\/\/prawochinskie.com.pl\/en\/about-us-and-contact\/","og_locale":"en_US","og_type":"article","og_title":"Prawnik Chiny | O nas i kontakt - Blog Prawo Chi\u0144skie","og_description":"Zesp\u00f3\u0142 prowadzaj\u0105cy bloga sk\u0142ada si\u0119 z wysoko wykwalifikowanych specjalist\u00f3w, od wielu lat \u015bci\u015ble zwi\u0105zanych z Chinami. Zapraszamy do kontaktu.","og_url":"https:\/\/prawochinskie.com.pl\/en\/about-us-and-contact\/","og_site_name":"Blog","article_modified_time":"2024-06-06T12:45:45+00:00","twitter_card":"summary_large_image","twitter_misc":{"Est. reading time":"3 minutes"},"schema":{"@context":"https:\/\/schema.org","@graph":[{"@type":"WebPage","@id":"https:\/\/prawochinskie.com.pl\/en\/about-us-and-contact\/","url":"https:\/\/prawochinskie.com.pl\/en\/about-us-and-contact\/","name":"Prawnik Chiny | O nas i kontakt - Blog Prawo Chi\u0144skie","isPartOf":{"@id":"https:\/\/prawochinskie.com.pl\/en\/#website"},"datePublished":"2020-10-21T09:00:54+00:00","dateModified":"2024-06-06T12:45:45+00:00","description":"Zesp\u00f3\u0142 prowadzaj\u0105cy bloga sk\u0142ada si\u0119 z wysoko wykwalifikowanych specjalist\u00f3w, od wielu lat \u015bci\u015ble zwi\u0105zanych z Chinami. Zapraszamy do kontaktu.","breadcrumb":{"@id":"https:\/\/prawochinskie.com.pl\/en\/about-us-and-contact\/#breadcrumb"},"inLanguage":"en-US","potentialAction":[{"@type":"ReadAction","target":["https:\/\/prawochinskie.com.pl\/en\/about-us-and-contact\/"]}]},{"@type":"BreadcrumbList","@id":"https:\/\/prawochinskie.com.pl\/en\/about-us-and-contact\/#breadcrumb","itemListElement":[{"@type":"ListItem","position":1,"name":"Strona g\u0142\u00f3wna","item":"https:\/\/prawochinskie.com.pl\/en\/"},{"@type":"ListItem","position":2,"name":"About us and contact"}]},{"@type":"WebSite","@id":"https:\/\/prawochinskie.com.pl\/en\/#website","url":"https:\/\/prawochinskie.com.pl\/en\/","name":"Blog","description":"Prawochinskie.com.pl","publisher":{"@id":"https:\/\/prawochinskie.com.pl\/en\/#organization"},"potentialAction":[{"@type":"SearchAction","target":{"@type":"EntryPoint","urlTemplate":"https:\/\/prawochinskie.com.pl\/en\/?s={search_term_string}"},"query-input":{"@type":"PropertyValueSpecification","valueRequired":true,"valueName":"search_term_string"}}],"inLanguage":"en-US"},{"@type":"Organization","@id":"https:\/\/prawochinskie.com.pl\/en\/#organization","name":"Blog","url":"https:\/\/prawochinskie.com.pl\/en\/","logo":{"@type":"ImageObject","inLanguage":"en-US","@id":"https:\/\/prawochinskie.com.pl\/en\/#\/schema\/logo\/image\/","url":"https:\/\/prawochinskie.com.pl\/wp-content\/uploads\/2020\/10\/cropped-logo-1.png","contentUrl":"https:\/\/prawochinskie.com.pl\/wp-content\/uploads\/2020\/10\/cropped-logo-1.png","width":300,"height":81,"caption":"Blog"},"image":{"@id":"https:\/\/prawochinskie.com.pl\/en\/#\/schema\/logo\/image\/"}}]}},"_links":{"self":[{"href":"https:\/\/prawochinskie.com.pl\/en\/wp-json\/wp\/v2\/pages\/1002","targetHints":{"allow":["GET"]}}],"collection":[{"href":"https:\/\/prawochinskie.com.pl\/en\/wp-json\/wp\/v2\/pages"}],"about":[{"href":"https:\/\/prawochinskie.com.pl\/en\/wp-json\/wp\/v2\/types\/page"}],"author":[{"embeddable":true,"href":"https:\/\/prawochinskie.com.pl\/en\/wp-json\/wp\/v2\/users\/1"}],"replies":[{"embeddable":true,"href":"https:\/\/prawochinskie.com.pl\/en\/wp-json\/wp\/v2\/comments?post=1002"}],"version-history":[{"count":2,"href":"https:\/\/prawochinskie.com.pl\/en\/wp-json\/wp\/v2\/pages\/1002\/revisions"}],"predecessor-version":[{"id":1016,"href":"https:\/\/prawochinskie.com.pl\/en\/wp-json\/wp\/v2\/pages\/1002\/revisions\/1016"}],"wp:attachment":[{"href":"https:\/\/prawochinskie.com.pl\/en\/wp-json\/wp\/v2\/media?parent=1002"}],"curies":[{"name":"wp","href":"https:\/\/api.w.org\/{rel}","templated":true}]}}